{"id":247438,"date":"2026-01-14T15:57:04","date_gmt":"2026-01-14T20:57:04","guid":{"rendered":"https:\/\/staging.visavie.com\/types-of-private-residences-for-seniors-in-quebec"},"modified":"2026-04-16T09:22:57","modified_gmt":"2026-04-16T13:22:57","slug":"types-of-private-residences-for-seniors-in-quebec","status":"publish","type":"page","link":"https:\/\/visavie.com\/en\/types-of-private-residences-for-seniors-in-quebec","title":{"rendered":"Types of Private Residences for Seniors in Quebec"},"content":{"rendered":"<div class=\"et_pb_section_0 et_pb_section et_section_regular et_flex_section\">\n<div class=\"et_pb_row_0 et_pb_row et_flex_row\">\n<div class=\"et_pb_column_0 et_pb_column et-last-child et_flex_column et_pb_css_mix_blend_mode_passthrough et_flex_column_24_24 et_flex_column_24_24_tablet et_flex_column_24_24_phone\">\n<div class=\"et_pb_heading_0 et_pb_heading et_pb_module et_flex_module\"><div class=\"et_pb_heading_container\"><h1 class=\"et_pb_module_header\">Types of Private Senior Residences in Quebec<\/h1><\/div><\/div>\n\n<div class=\"et_pb_divider_0 et_pb_divider et_pb_space et_pb_divider_position_top et_pb_module\"><div class=\"et_pb_divider_internal\"><\/div><\/div>\n\n<div class=\"et_pb_text_0 et_pb_text et_pb_bg_layout_light et_pb_module et_flex_module\"><div class=\"et_pb_text_inner\"><p style=\"text-align: center;\"><span>Private seniors residences: for autonomous seniors, semi-autonomous seniors, or older adults with cognitive impairments.<\/span><\/p>\n<\/div><\/div>\n<\/div>\n<\/div>\n<\/div>\n\n<div class=\"et_pb_section_1 et_pb_section et_section_regular et_flex_section\">\n<div class=\"et_pb_row_1 et_pb_row et_flex_row\">\n<div class=\"et_pb_column_1 et_pb_column et_flex_column et_pb_css_mix_blend_mode_passthrough et_flex_column_1_5 et_flex_column_12_24_tablet et_flex_column_24_24_phone\">\n<div class=\"et_pb_blurb_0 et_pb_blurb et_pb_bg_layout_light et_pb_blurb_position_top et_clickable et_pb_module et_flex_module\"><div class=\"et_pb_blurb_content et_flex_module\"><div class=\"et_pb_main_blurb_image\"><span class=\"et_pb_image_wrap et_pb_only_image_mode_wrap\"><img loading=\"lazy\" decoding=\"async\" src=\"https:\/\/visavie.com\/wp-content\/uploads\/2024\/11\/Gatineau-2-1.jpg?ver=1769109608\" width=\"792\" height=\"528\" srcset=\"https:\/\/visavie.com\/wp-content\/uploads\/2024\/11\/Gatineau-2-1.jpg?ver=1769109608 792w, https:\/\/visavie.com\/wp-content\/uploads\/2024\/11\/Gatineau-2-1-480x320.jpg 480w\" sizes=\"(min-width: 0px) and (max-width: 480px) 480px, (min-width: 481px) 792px, 100vw\" class=\"et_animated wp-image-50834\" title=\"R\u00e9sidences priv\u00e9es pour a\u00een\u00e9s autonomes\" \/><\/span><\/div><div class=\"et_pb_blurb_container\"><h2 class=\"et_pb_module_header\">Independent Living for Seniors in Quebec<\/h2><\/div><\/div><\/div>\n\n<div class=\"et_pb_module et_pb_button_module_wrapper et_pb_button_0_wrapper\"><a class=\"et_pb_button_0 et_pb_button et_pb_bg_layout_light et_pb_module et_flex_module\" href=\"https:\/\/visavie.com\/en\/independent-living-for-seniors-quebec\">Learn more<\/a><\/div>\n<\/div>\n\n<div class=\"et_pb_column_2 et_pb_column et_flex_column et_pb_css_mix_blend_mode_passthrough et_flex_column_1_5 et_flex_column_12_24_tablet et_flex_column_24_24_phone\">\n<div class=\"et_pb_blurb_1 et_pb_blurb et_pb_bg_layout_light et_pb_blurb_position_top et_clickable et_pb_module et_flex_module\"><div class=\"et_pb_blurb_content et_flex_module\"><div class=\"et_pb_main_blurb_image\"><span class=\"et_pb_image_wrap et_pb_only_image_mode_wrap\"><img loading=\"lazy\" decoding=\"async\" src=\"https:\/\/visavie.com\/wp-content\/uploads\/2026\/01\/Residence-semi-autonome.jpg\" width=\"1024\" height=\"683\" srcset=\"https:\/\/visavie.com\/wp-content\/uploads\/2026\/01\/Residence-semi-autonome.jpg 1024w, https:\/\/visavie.com\/wp-content\/uploads\/2026\/01\/Residence-semi-autonome-980x654.jpg 980w, https:\/\/visavie.com\/wp-content\/uploads\/2026\/01\/Residence-semi-autonome-480x320.jpg 480w\" sizes=\"(min-width: 0px) and (max-width: 480px) 480px, (min-width: 481px) and (max-width: 980px) 980px, (min-width: 981px) 1024px, 100vw\" class=\"et_animated wp-image-246289\" title=\"Black senior man in wheelchair drinking tea while talking to a nurse at residential care home.\" \/><\/span><\/div><div class=\"et_pb_blurb_container\"><h2 class=\"et_pb_module_header\">Private residences for semi-autonomous seniors<\/h2><\/div><\/div><\/div>\n\n<div class=\"et_pb_module et_pb_button_module_wrapper et_pb_button_1_wrapper\"><a class=\"et_pb_button_1 et_pb_button et_pb_bg_layout_light et_pb_module et_flex_module\" href=\"http:\/\/private-residences-for-semi-autonomous-seniors-in-quebec\">Learn more<\/a><\/div>\n<\/div>\n\n<div class=\"et_pb_column_3 et_pb_column et_flex_column et_pb_css_mix_blend_mode_passthrough et_flex_column_1_5 et_flex_column_12_24_tablet et_flex_column_24_24_phone\">\n<div class=\"et_pb_blurb_2 et_pb_blurb et_pb_bg_layout_light et_pb_blurb_position_top et_clickable et_pb_module et_flex_module\"><div class=\"et_pb_blurb_content et_flex_module\"><div class=\"et_pb_main_blurb_image\"><span class=\"et_pb_image_wrap et_pb_only_image_mode_wrap\"><img loading=\"lazy\" decoding=\"async\" src=\"https:\/\/visavie.com\/wp-content\/uploads\/2026\/01\/residence-semi-autonome-quebec-600x400-1.jpg\" width=\"600\" height=\"400\" srcset=\"https:\/\/visavie.com\/wp-content\/uploads\/2026\/01\/residence-semi-autonome-quebec-600x400-1.jpg 600w, https:\/\/visavie.com\/wp-content\/uploads\/2026\/01\/residence-semi-autonome-quebec-600x400-1-480x320.jpg 480w\" sizes=\"(min-width: 0px) and (max-width: 480px) 480px, (min-width: 481px) 600px, 100vw\" class=\"et_animated wp-image-246290\" title=\"Caring Nurse Helping Seniors in Retirement Home\" \/><\/span><\/div><div class=\"et_pb_blurb_container\"><h2 class=\"et_pb_module_header\">Private residences for autonomous and semi-autonomous seniors<\/h2><\/div><\/div><\/div>\n\n<div class=\"et_pb_module et_pb_button_module_wrapper et_pb_button_2_wrapper\"><a class=\"et_pb_button_2 et_pb_button et_pb_bg_layout_light et_pb_module et_flex_module\" href=\"https:\/\/visavie.com\/en\/private-residences-for-autonomous-and-semi-autonomous-seniors-in-quebec\">Learn more<\/a><\/div>\n<\/div>\n\n<div class=\"et_pb_column_4 et_pb_column et_flex_column et_pb_css_mix_blend_mode_passthrough et_flex_column_1_5 et_flex_column_12_24_tablet et_flex_column_24_24_phone\">\n<div class=\"et_pb_blurb_3 et_pb_blurb et_pb_bg_layout_light et_pb_blurb_position_top et_clickable et_pb_module et_flex_module\"><div class=\"et_pb_blurb_content et_flex_module\"><div class=\"et_pb_main_blurb_image\"><span class=\"et_pb_image_wrap et_pb_only_image_mode_wrap\"><img loading=\"lazy\" decoding=\"async\" src=\"https:\/\/visavie.com\/wp-content\/uploads\/2026\/01\/residence-perte-cognitive-600x400-1.jpg\" width=\"600\" height=\"400\" srcset=\"https:\/\/visavie.com\/wp-content\/uploads\/2026\/01\/residence-perte-cognitive-600x400-1.jpg 600w, https:\/\/visavie.com\/wp-content\/uploads\/2026\/01\/residence-perte-cognitive-600x400-1-480x320.jpg 480w\" sizes=\"(min-width: 0px) and (max-width: 480px) 480px, (min-width: 481px) 600px, 100vw\" class=\"et_animated wp-image-246291\" title=\"Two elderly people in the garden of a nursing home or retirement home playing with games to improve mobility\" \/><\/span><\/div><div class=\"et_pb_blurb_container\"><h2 class=\"et_pb_module_header\">Private residences for cognitively impaired seniors<\/h2><\/div><\/div><\/div>\n\n<div class=\"et_pb_module et_pb_button_module_wrapper et_pb_button_3_wrapper\"><a class=\"et_pb_button_3 et_pb_button et_pb_bg_layout_light et_pb_module et_flex_module\" href=\"https:\/\/visavie.com\/en\/private-residences-for-cognitively-impaired-seniors-in-quebec\">Learn more<\/a><\/div>\n<\/div>\n\n<div class=\"et_pb_column_5 et_pb_column et-last-child et_flex_column et_pb_css_mix_blend_mode_passthrough et_flex_column_1_5 et_flex_column_12_24_tablet et_flex_column_24_24_phone\">\n<div class=\"et_pb_blurb_4 et_pb_blurb et_pb_bg_layout_light et_pb_blurb_position_top et_clickable et_pb_module et_flex_module\"><div class=\"et_pb_blurb_content et_flex_module\"><div class=\"et_pb_main_blurb_image\"><span class=\"et_pb_image_wrap et_pb_only_image_mode_wrap\"><img loading=\"lazy\" decoding=\"async\" src=\"https:\/\/visavie.com\/wp-content\/uploads\/2026\/01\/residence-evolutive.webp\" width=\"600\" height=\"400\" srcset=\"https:\/\/visavie.com\/wp-content\/uploads\/2026\/01\/residence-evolutive.webp 600w, https:\/\/visavie.com\/wp-content\/uploads\/2026\/01\/residence-evolutive-480x320.webp 480w\" sizes=\"(min-width: 0px) and (max-width: 480px) 480px, (min-width: 481px) 600px, 100vw\" class=\"et_animated wp-image-246292\" title=\"Male And Female Residents Sitting In Chair And Talking With Nurse In Retirement Home\" \/><\/span><\/div><div class=\"et_pb_blurb_container\"><h2 class=\"et_pb_module_header\">Evolving residences<\/h2><\/div><\/div><\/div>\n\n<div class=\"et_pb_module et_pb_button_module_wrapper et_pb_button_4_wrapper\"><a class=\"et_pb_button_4 et_pb_button et_pb_bg_layout_light et_pb_module et_flex_module\" href=\"http:\/\/en\/evolving-residences-for-seniors-quebec\">Learn more<\/a><\/div>\n<\/div>\n<\/div>\n<\/div>\n\n<div class=\"et_pb_section_2 et_pb_section et_section_regular et_flex_section\">\n<div class=\"et_pb_row_2 et_pb_row et_flex_row\">\n<div class=\"et_pb_column_6 et_pb_column et-last-child et_flex_column et_pb_css_mix_blend_mode_passthrough et_flex_column_24_24 et_flex_column_24_24_tablet et_flex_column_24_24_phone\">\n<div class=\"et_pb_heading_1 et_pb_heading et_pb_module et_flex_module\"><div class=\"et_pb_heading_container\"><h2 class=\"et_pb_module_header\">Public residential care facilities<\/h2><\/div><\/div>\n\n<div class=\"et_pb_text_1 et_pb_text et_pb_bg_layout_light et_pb_module et_flex_module\"><div class=\"et_pb_text_inner\"><p style=\"text-align: justify;\">Public residences, managed by the<span> <\/span><a href=\"https:\/\/www.msss.gouv.qc.ca\/\" target=\"_blank\" rel=\"noopener\">Ministry of Health and Social Services<\/a><span> <\/span>(MSSS), follow a specific admission process for residents. Individuals interested in living in these facilities must first meet with a social worker from the public health network. This professional assesses their overall situation, including health needs, and determines their level of autonomy. The social worker then guides them toward the type of residence that best matches their needs.   <\/p>\n<\/div><\/div>\n<\/div>\n<\/div>\n\n<div class=\"et_pb_row_3 et_pb_row et_flex_row\">\n<div class=\"et_pb_column_7 et_pb_column et_flex_column et_pb_css_mix_blend_mode_passthrough et_flex_column_8_24 et_flex_column_8_24_tablet et_flex_column_24_24_phone\">\n<div class=\"et_pb_blurb_5 et_pb_blurb et_pb_bg_layout_light et_pb_blurb_position_top et_pb_module et_flex_module\"><div class=\"et_pb_blurb_content et_flex_module\"><div class=\"et_pb_main_blurb_image\"><span class=\"et_pb_image_wrap et_pb_only_image_mode_wrap\"><img loading=\"lazy\" decoding=\"async\" src=\"https:\/\/visavie.com\/wp-content\/uploads\/2026\/01\/ressource-intermediaire-600x400-1.jpg\" width=\"600\" height=\"400\" srcset=\"https:\/\/visavie.com\/wp-content\/uploads\/2026\/01\/ressource-intermediaire-600x400-1.jpg 600w, https:\/\/visavie.com\/wp-content\/uploads\/2026\/01\/ressource-intermediaire-600x400-1-480x320.jpg 480w\" sizes=\"(min-width: 0px) and (max-width: 480px) 480px, (min-width: 481px) 600px, 100vw\" class=\"et_animated wp-image-246293\" title=\"High angle view of Asian female doctor and senior male patient interacting with each other at retirement home. They are holding hands.\" \/><\/span><\/div><div class=\"et_pb_blurb_container\"><h3 class=\"et_pb_module_header\">Intermediate Resources (IR)<\/h3><div class=\"et_pb_blurb_description\"><p style=\"text-align: justify;\">Halfway between Private Seniors\u2019 Residences (RPA) and Long-Term Care Centres (CHSLDs), Intermediate Resources (IR) can also be considered as an option. What makes these residences unique is that they are managed jointly by both the public system and the private sector. Through this mixed management model, the quality of care and the admission process remain under public oversight, more specifically through the CISSS and\/or CIUSSS in your region  <\/p>\n<p style=\"text-align: justify;\">Most often, intermediate resources accommodate older adults with:<\/p>\n<ul>\n<li style=\"text-align: justify;\">A loss of autonomy;<\/li>\n<li style=\"text-align: justify;\">An intellectual or physical disability;<\/li>\n<li style=\"text-align: justify;\">Mental health problems;<\/li>\n<li style=\"text-align: justify;\">Autism spectrum disorder;<\/li>\n<li style=\"text-align: justify;\">Substance use disorder.<\/li>\n<\/ul>\n<\/div><\/div><\/div><\/div>\n<\/div>\n\n<div class=\"et_pb_column_8 et_pb_column et_flex_column et_pb_css_mix_blend_mode_passthrough et_flex_column_8_24 et_flex_column_8_24_tablet et_flex_column_24_24_phone\">\n<div class=\"et_pb_blurb_6 et_pb_blurb et_pb_bg_layout_light et_pb_blurb_position_top et_pb_module et_flex_module\"><div class=\"et_pb_blurb_content et_flex_module\"><div class=\"et_pb_main_blurb_image\"><span class=\"et_pb_image_wrap et_pb_only_image_mode_wrap\"><img loading=\"lazy\" decoding=\"async\" src=\"https:\/\/visavie.com\/wp-content\/uploads\/2026\/01\/Maison-des-aines.jpg\" width=\"1024\" height=\"683\" srcset=\"https:\/\/visavie.com\/wp-content\/uploads\/2026\/01\/Maison-des-aines.jpg 1024w, https:\/\/visavie.com\/wp-content\/uploads\/2026\/01\/Maison-des-aines-980x654.jpg 980w, https:\/\/visavie.com\/wp-content\/uploads\/2026\/01\/Maison-des-aines-480x320.jpg 480w\" sizes=\"(min-width: 0px) and (max-width: 480px) 480px, (min-width: 481px) and (max-width: 980px) 980px, (min-width: 981px) 1024px, 100vw\" class=\"et_animated wp-image-246294\" title=\"Caring nurse with senior man sitting on wheelchair at home.\" \/><\/span><\/div><div class=\"et_pb_blurb_container\"><h3 class=\"et_pb_module_header\">Seniors Homes and Alternative Care Homes<\/h3><div class=\"et_pb_blurb_description\"><p style=\"text-align: justify;\">Launched in 2018, the new architectural model of the Seniors\u2019 Homes<span> <\/span>(ACH) and the<span> <\/span><strong>Alternative Care Homes<\/strong><span> <\/span>(SH) aims to provide a living environment that closely resembles a home setting for residents. These living spaces are designed to be warm and welcoming, with a strong focus on the needs, preferences, and personal pace of residents and their loved ones when it comes to care and services. <\/p>\n<p style=\"text-align: justify;\">Seniors<span> <\/span><strong>Homes<\/strong><span> <\/span>(SH) represent a housing concept focused on the human aspect and designed to reflect life at home. Residents experiencing a loss of autonomy are supported in maintaining their personal routines and pace of life. They are grouped into small living units, each accommodating 12 residents who share similar needs.  <\/p>\n<p style=\"text-align: justify;\">Alternative Care Homes are designed for adults with disabilities, whether physical, intellectual, or related to autism spectrum disorder<\/p>\n<\/div><\/div><\/div><\/div>\n<\/div>\n\n<div class=\"et_pb_column_9 et_pb_column et-last-child et_flex_column et_pb_css_mix_blend_mode_passthrough et_flex_column_8_24 et_flex_column_8_24_tablet et_flex_column_24_24_phone\">\n<div class=\"et_pb_blurb_7 et_pb_blurb et_pb_bg_layout_light et_pb_blurb_position_top et_pb_module et_flex_module\"><div class=\"et_pb_blurb_content et_flex_module\"><div class=\"et_pb_main_blurb_image\"><span class=\"et_pb_image_wrap et_pb_only_image_mode_wrap\"><img loading=\"lazy\" decoding=\"async\" src=\"https:\/\/visavie.com\/wp-content\/uploads\/2026\/01\/Soins-de-repit.jpg\" width=\"1024\" height=\"683\" srcset=\"https:\/\/visavie.com\/wp-content\/uploads\/2026\/01\/Soins-de-repit.jpg 1024w, https:\/\/visavie.com\/wp-content\/uploads\/2026\/01\/Soins-de-repit-980x654.jpg 980w, https:\/\/visavie.com\/wp-content\/uploads\/2026\/01\/Soins-de-repit-480x320.jpg 480w\" sizes=\"(min-width: 0px) and (max-width: 480px) 480px, (min-width: 481px) and (max-width: 980px) 980px, (min-width: 981px) 1024px, 100vw\" class=\"et_animated wp-image-246302\" title=\"Side view of young female caregiver pushing wheelchair with African American man\" \/><\/span><\/div><div class=\"et_pb_blurb_container\"><h3 class=\"et_pb_module_header\">Residential and long-term care centers (CHSLD)<\/h3><div class=\"et_pb_blurb_description\"><p style=\"text-align: justify;\"><span data-contrast=\"auto\">Long-term care centres (CHSLD) provide an alternative living environment, as well as housing, assistance, support, supervision, and rehabilitation services, along with psychosocial, nursing, pharmaceutical, and medical care, either on a temporary or permanent basis. These centres serve older adults who are no longer able to remain in their natural living environment due to functional or psychosocial loss of autonomy, despite support from their caregivers and family. <\/span><span data-ccp-props=\"{\"201341983\":0,\"335559739\":160,\"335559740\":259}\"> <\/span><\/p>\n<\/div><\/div><\/div><\/div>\n<\/div>\n<\/div>\n<\/div>\n\n","protected":false},"excerpt":{"rendered":"","protected":false},"author":14,"featured_media":0,"parent":0,"menu_order":0,"comment_status":"closed","ping_status":"closed","template":"","meta":{"_acf_changed":false,"footnotes":""},"folder":[907],"class_list":["post-247438","page","type-page","status-publish","hentry"],"acf":[],"_links":{"self":[{"href":"https:\/\/visavie.com\/en\/wp-json\/wp\/v2\/pages\/247438","targetHints":{"allow":["GET"]}}],"collection":[{"href":"https:\/\/visavie.com\/en\/wp-json\/wp\/v2\/pages"}],"about":[{"href":"https:\/\/visavie.com\/en\/wp-json\/wp\/v2\/types\/page"}],"author":[{"embeddable":true,"href":"https:\/\/visavie.com\/en\/wp-json\/wp\/v2\/users\/14"}],"replies":[{"embeddable":true,"href":"https:\/\/visavie.com\/en\/wp-json\/wp\/v2\/comments?post=247438"}],"version-history":[{"count":0,"href":"https:\/\/visavie.com\/en\/wp-json\/wp\/v2\/pages\/247438\/revisions"}],"wp:attachment":[{"href":"https:\/\/visavie.com\/en\/wp-json\/wp\/v2\/media?parent=247438"}],"wp:term":[{"taxonomy":"folder","embeddable":true,"href":"https:\/\/visavie.com\/en\/wp-json\/wp\/v2\/folder?post=247438"}],"curies":[{"name":"wp","href":"https:\/\/api.w.org\/{rel}","templated":true}]}}