{"id":247421,"date":"2026-02-04T15:39:23","date_gmt":"2026-02-04T20:39:23","guid":{"rendered":"https:\/\/staging.visavie.com\/terms-of-use"},"modified":"2026-03-26T11:11:45","modified_gmt":"2026-03-26T15:11:45","slug":"terms-of-use","status":"publish","type":"page","link":"https:\/\/visavie.com\/en\/terms-of-use","title":{"rendered":"Terms of Use"},"content":{"rendered":"<div class=\"et_pb_section_0 et_pb_section et_section_regular et_flex_section\">\n<div class=\"et_pb_row_0 et_pb_row et_flex_row\">\n<div class=\"et_pb_column_0 et_pb_column et-last-child et_flex_column et_pb_css_mix_blend_mode_passthrough et_flex_column_24_24 et_flex_column_24_24_tablet et_flex_column_24_24_phone\">\n<div class=\"et_pb_heading_0 et_pb_heading et_pb_module et_flex_module\"><div class=\"et_pb_heading_container\"><h1 class=\"et_pb_module_header\">Terms of Use<\/h1><\/div><\/div>\n<\/div>\n<\/div>\n<\/div>\n\n<div class=\"et_pb_section_1 et_pb_section et_section_regular et_flex_section\">\n<div class=\"et_pb_row_1 et_pb_row et_flex_row\">\n<div class=\"et_pb_column_1 et_pb_column et-last-child et_flex_column et_pb_css_mix_blend_mode_passthrough et_flex_column_24_24 et_flex_column_24_24_tablet et_flex_column_24_24_phone\">\n<div class=\"et_pb_accordion_0 et_pb_accordion et_pb_module et_flex_module\">\n<div class=\"et_pb_accordion_item_0 et_pb_accordion_item et_pb_toggle et_pb_module et_pb_toggle_open et_flex_module\"><h5 class=\"et_pb_toggle_title\">General Terms of Use of the Website: visavie.com<\/h5><div class=\"et_pb_toggle_content et_flex_module\"><p>These Terms of Use (hereinafter the \u201cTerms\u201d) set forth your rights and obligations regarding the use of the visavie.com website (hereinafter the \u201cSite\u201d).<\/p>\n<p>By accessing or using the features of the Visavie website\u2014a specialist in finding private senior living facilities and home care services for seniors\u2014or by providing your consent in any other form, you agree to be bound by the terms of these Terms and Conditions and the documents to which the website refers. These terms and conditions apply both during and after your use of the website. <\/p>\n<p>It is your responsibility to read these terms and conditions carefully and agree to them before using the site<\/p>\n<p>If you do not agree to all of the terms and conditions, you must stop using the site immediately<\/p>\n<p>We also invite you to contact us with any questions or comments regarding the Terms and Conditions at <a href=\"mailto:info@visavie.com\" data-gc-link=\"mailto:info@visavie.com\">info@visavie.com<\/a><\/p>\n<\/div><\/div>\n\n<div class=\"et_pb_accordion_item_1 et_pb_accordion_item et_pb_toggle et_pb_module et_pb_toggle_close et_flex_module\"><h5 class=\"et_pb_toggle_title\">Privacy Policy<\/h5><div class=\"et_pb_toggle_content et_flex_module\"><div id=\"accordion-accordions_1-1\" class=\"accordion-text relative h-0 overflow-hidden\" data-accordion=\"accordion-accordions_1-1\">\n<div data-accordion-size=\"accordion-accordions_1-1\" class=\"accordion-text-in pb-8\">\n<div class=\"accordion-text-grid max-w-none\">\n<p>These Terms and Conditions include your acceptance of the terms set forth in our Privacy Policy, which is available here or at the bottom of most pages on our website, including our homepage (visavie.com). This Policy is also governed by these Terms and Conditions in the event of any dispute or inconsistency regarding said policy. <\/p>\n<\/div>\n<\/div>\n<\/div>\n<div class=\"\"><\/div>\n<\/div><\/div>\n\n<div class=\"et_pb_accordion_item_2 et_pb_accordion_item et_pb_toggle et_pb_module et_pb_toggle_close et_flex_module\"><h5 class=\"et_pb_toggle_title\">Additional Terms<\/h5><div class=\"et_pb_toggle_content et_flex_module\"><div id=\"accordion-accordions_1-2\" class=\"accordion-text relative h-0 overflow-hidden\" data-accordion=\"accordion-accordions_1-2\">\n<div data-accordion-size=\"accordion-accordions_1-2\" class=\"accordion-text-in pb-8\">\n<div class=\"accordion-text-grid max-w-none\">\n<p>These Terms may be modified or superseded by Additional Terms relating to the content and services offered by the Site (hereinafter the \u201cAdditional Terms\u201d). If applicable, the Additional Terms will be posted on the relevant pages of the Site so that you may accept them in a timely manner. These Additional Terms will supersede any prior terms with which they conflict or are inconsistent.  <\/p>\n<\/div>\n<\/div>\n<\/div>\n<div class=\"\"><\/div>\n<\/div><\/div>\n\n<div class=\"et_pb_accordion_item_3 et_pb_accordion_item et_pb_toggle et_pb_module et_pb_toggle_close et_flex_module\"><h5 class=\"et_pb_toggle_title\">Communications on the Website<\/h5><div class=\"et_pb_toggle_content et_flex_module\"><div id=\"accordion-accordions_1-2\" class=\"accordion-text relative h-0 overflow-hidden\" data-accordion=\"accordion-accordions_1-2\">\n<div data-accordion-size=\"accordion-accordions_1-2\" class=\"accordion-text-in pb-8\">\n<div class=\"accordion-text-grid max-w-none\">\n<p>The Site and its Services do not provide a secure means of communication, and any information you provide will not be considered confidential. For this reason, you should not send us, or communicate to other users, any patentable ideas or patent applications, advertising or marketing suggestions, prototypes, or any other written or verbal information that you consider confidential, commercially sensitive, or of commercial value (collectively referred to below as \u201cUnsolicited Communications\u201d). Although we appreciate your feedback, you agree not to send us such Unsolicited Communications. Any communication, including any Unsolicited Communication, sent to us, communicated through our Services, or posted on the Site is deemed to be our property. By transmitting or posting a communication and\/or information, as well as any other material, to us or on the Site, you agree, subject to our Privacy Policy, that we may use such information in any manner whatsoever (including reproduction, transmission, publication, broadcast, and display in any medium and anywhere in the world), free of charge. You also agree that we are under no obligation of confidentiality and cannot be held liable for any use and\/or disclosure of the Content of such communications.     <\/p>\n<p>When the Site allows you to communicate with us and\/or other Site Users, you may not use the Site to communicate content or material that is harmful or offensive (e.g., content that is violent, obscene, discriminatory, defamatory, or otherwise contrary to good faith). Although we reserve the right to moderate, monitor, modify, review, or remove notices, comments, discussions, chats, posts, transmissions, forums, and similar communications on the Site from time to time, we are under no obligation to do so and assume no liability arising from any content posted on the Site, nor for any errors, omissions, violations, defamatory, obscene, or inaccurate statements contained in such communications. <\/p>\n<p>By using and accessing the Site, you represent and warrant that any Content you provide to us is and remains your own original work, that such Content has been lawfully provided to us, that you hold all necessary authorizations to provide such Content to us, and that you authorize us to disclose your name in connection with such Content. By providing us with this Content, you waive any moral rights you may have and agree that any personal information you provide within your Content may be reused by us, subject to our Privacy Policy. <\/p>\n<\/div>\n<\/div>\n<\/div>\n<\/div><\/div>\n\n<div class=\"et_pb_accordion_item_4 et_pb_accordion_item et_pb_toggle et_pb_module et_pb_toggle_close et_flex_module\"><h5 class=\"et_pb_toggle_title\">Restrictions on Use<\/h5><div class=\"et_pb_toggle_content et_flex_module\"><div id=\"accordion-accordions_1-2\" class=\"accordion-text relative h-0 overflow-hidden\" data-accordion=\"accordion-accordions_1-2\">\n<div data-accordion-size=\"accordion-accordions_1-2\" class=\"accordion-text-in pb-8\">\n<div class=\"accordion-text-grid max-w-none\">\n<p>This site is intended for your personal, non-commercial use. By accessing or using this site, you agree to the following: <\/p>\n<ul>\n<li>not to use this site for any purpose that is unlawful under applicable laws or under these Terms;<\/li>\n<li>de ne pas d\u00e9compiler, d\u00e9sassembler, adapter, traduire, transmettre, arranger, modifier, copier, regrouper, vendre sous-licence, exporter, fusionner, transf\u00e9rer, adapter, pr\u00eater, louer, c\u00e9der, partager, externaliser, h\u00e9berger, publier, rendre le Site disponible sur une tierce plateforme (tel que par des proc\u00e9d\u00e9s d\u2019hyperliens (\u00ab linking \u00bb), d\u2019encadrement (\u00ab framing \u00bb) ou de robots d\u2019indexation (\u00ab spidering \u00bb), renvoyer \u00e0 des liens profonds, cr\u00e9er du contenu d\u00e9riv\u00e9 ou exploiter ce Site ou son Contenu de mani\u00e8re contraire aux pr\u00e9sentes Conditions, aux lois en vigueur, de m\u00eame qu\u2019\u00e0 toute autre Condition additionnelle, et ce, sous quelque forme ou par quelque moyen que ce soit : physiques, \u00e9lectroniques ou autre ;<\/li>\n<li>not to defame, disparage, or make any comments of an obscene, derogatory, or offensive nature, or to use this Site or its Content in a manner that could give rise to a dispute with us or any third party, including a dispute that would give rise to liability on our part or that of a third party;<\/li>\n<li>not to delete or modify the Content of the Site when such content does not originate from you;<\/li>\n<li>not to send any form of unsolicited electronic messages (\u201cspam\u201d), whether commercial or otherwise, or to solicit business opportunities from Users;<\/li>\n<li>not to use the Site or its Content to distribute computer viruses, malware, or any other malicious programs or code;<\/li>\n<li>not to attempt to probe, analyze, or test the vulnerability of the Site or its network, and not to attempt to breach the Site\u2019s security or authentication system or network, or any other security measures of the Site;<\/li>\n<li>not to access data that is not intended for you or to log in to a server or account that you are not authorized to access.<\/li>\n<\/ul>\n<\/div>\n<\/div>\n<\/div>\n<\/div><\/div>\n\n<div class=\"et_pb_accordion_item_5 et_pb_accordion_item et_pb_toggle et_pb_module et_pb_toggle_close et_flex_module\"><h5 class=\"et_pb_toggle_title\">Our Use of Cookies<\/h5><div class=\"et_pb_toggle_content et_flex_module\"><div id=\"accordion-accordions_1-2\" class=\"accordion-text relative h-0 overflow-hidden\" data-accordion=\"accordion-accordions_1-2\">\n<div data-accordion-size=\"accordion-accordions_1-2\" class=\"accordion-text-in pb-8\">\n<div class=\"accordion-text-grid max-w-none\">\n<p>We use cookies and other similar tracking technologies, such as web beacons and tracking pixels, to improve the functionality of our website and for internal analytics purposes, including to measure traffic on our website and understand how users interact with it. For more information about our use of cookies and tracking technologies, please see our Cookie Policy. <\/p>\n<p>We use third-party service providers to enhance your browsing experience on our website or to help us analyze how our website is used. The use of cookies or similar technologies by these third parties is governed by their privacy policies. For more information about cookies in general, please visit  <span> <\/span><a href=\"http:\/\/www.allaboutcookies.org\/\" target=\"_blank\" rel=\"noopener\">www.allaboutcookies.org<\/a><span> <\/span>and our cookie policy.<\/p>\n<\/div>\n<\/div>\n<\/div>\n<\/div><\/div>\n\n<div class=\"et_pb_accordion_item_6 et_pb_accordion_item et_pb_toggle et_pb_module et_pb_toggle_close et_flex_module\"><h5 class=\"et_pb_toggle_title\">Hyperlinks and third-party sites<\/h5><div class=\"et_pb_toggle_content et_flex_module\"><div id=\"accordion-accordions_1-2\" class=\"accordion-text relative h-0 overflow-hidden\" data-accordion=\"accordion-accordions_1-2\">\n<div data-accordion-size=\"accordion-accordions_1-2\" class=\"accordion-text-in pb-8\">\n<div class=\"accordion-text-grid max-w-none\">\n<p>The Site may contain hyperlinks, references, or links to third-party websites other than the Site. All such hyperlinks, references, or links are provided solely for your convenience. We have no control over the content of third-party websites and assume no responsibility for any content, material, or information contained therein. The inclusion of hyperlinks, references, or links to a third-party site does not constitute an endorsement of the content of that site or the products or services of such third parties.   <\/p>\n<p>Your use of a third-party website may be governed by the terms and conditions specific to that website.<\/p>\n<\/div>\n<\/div>\n<\/div>\n<\/div><\/div>\n\n<div class=\"et_pb_accordion_item_7 et_pb_accordion_item et_pb_toggle et_pb_module et_pb_toggle_close et_flex_module\"><h5 class=\"et_pb_toggle_title\">Notification and removal policy for illegal content<\/h5><div class=\"et_pb_toggle_content et_flex_module\"><div id=\"accordion-accordions_1-6\" class=\"accordion-text relative h-0 overflow-hidden\" data-accordion=\"accordion-accordions_1-6\">\n<div data-accordion-size=\"accordion-accordions_1-6\" class=\"accordion-text-in pb-8\">\n<div class=\"accordion-text-grid max-w-none\">\n<p>If you have any complaints or objections regarding the Content published on the Site, or if you believe that any part of the Content infringes your copyright, you agree to notify us immediately and not to hold us liable for any damages or claims that may arise while your request is being processed within ten (10) business days.<\/p>\n<\/div>\n<\/div>\n<\/div>\n<\/div><\/div>\n\n<div class=\"et_pb_accordion_item_8 et_pb_accordion_item et_pb_toggle et_pb_module et_pb_toggle_close et_flex_module\"><h5 class=\"et_pb_toggle_title\">Limitation of liability<\/h5><div class=\"et_pb_toggle_content et_flex_module\"><div id=\"accordion-accordions_1-6\" class=\"accordion-text relative h-0 overflow-hidden\" data-accordion=\"accordion-accordions_1-6\">\n<div data-accordion-size=\"accordion-accordions_1-6\" class=\"accordion-text-in pb-8\">\n<div class=\"accordion-text-grid max-w-none\">\n<div id=\"accordion-accordions_1-8\" class=\"accordion-text relative h-0 overflow-hidden\" data-accordion=\"accordion-accordions_1-8\">\n<div data-accordion-size=\"accordion-accordions_1-8\" class=\"accordion-text-in pb-8\">\n<div class=\"accordion-text-grid max-w-none\">\n<p>You agree that your use of the Site is \u201cas is\u201d and \u201csubject to availability.\u201d As mentioned above, we make no representations and offer no warranties regarding the availability of the Site, including, but not limited to, its completeness, accuracy, and reliability. <\/p>\n<p>In the event of a dispute with one or more Users, you agree to indemnify us (as well as our officers, directors, shareholders, agents, subsidiaries, joint ventures, employees, and licensors) against any and all claims, demands, and damages arising in any way from such dispute.<\/p>\n<p>Vous acceptez de nous indemniser (et nos dirigeants, administrateurs, actionnaires, agents, filiales, coentreprises, employ\u00e9s et conc\u00e9dants) pour toute r\u00e9clamation et toute demande, y compris les honoraires judiciaires et extrajudiciaires raisonnables encourus en raison de votre violation des pr\u00e9sentes Conditions ou en raison de tout Contenu que vous soumettez, publiez, transmettez ou rendrez disponible via les Services, votre utilisation des Services, votre connexion aux Services, ou votre violation des droits d\u2019autrui de m\u00eame que de votre violation de la loi.<\/p>\n<p>You acknowledge that we are not liable for unforeseeable events, such as acts of God, or any other events beyond our control.<\/p>\n<p>Since Visavie is a duly incorporated legal entity, its shareholders, directors, officers, employees, and consultants shall not, under any circumstances, be held liable for any damages arising in any way from access to or use of our Site.<\/p>\n<p>Unless otherwise specified, any exclusions and limitations of liability also apply to the Additional Terms, if any.<\/p>\n<p>Visavie may, at its sole discretion, modify, supplement, or remove these Terms, in whole or in part, for legal, technical, or regulatory purposes, if it deems it necessary or following a change to the Services provided, or to the nature or presentation of the Site. Your continued access to or use of the Site indicates that you agree to these changes. <\/p>\n<p>Unless otherwise specified in these Terms, any notice from you to us must be sent in writing to our email address at info@visavie.com<\/p>\n<\/div>\n<\/div>\n<\/div>\n<\/div>\n<\/div>\n<\/div>\n<\/div><\/div>\n\n<div class=\"et_pb_accordion_item_9 et_pb_accordion_item et_pb_toggle et_pb_module et_pb_toggle_close et_flex_module\"><h5 class=\"et_pb_toggle_title\">Final Provisions<\/h5><div class=\"et_pb_toggle_content et_flex_module\"><div id=\"accordion-accordions_1-6\" class=\"accordion-text relative h-0 overflow-hidden\" data-accordion=\"accordion-accordions_1-6\">\n<div data-accordion-size=\"accordion-accordions_1-6\" class=\"accordion-text-in pb-8\">\n<div class=\"accordion-text-grid max-w-none\">\n<div id=\"accordion-accordions_1-8\" class=\"accordion-text relative h-0 overflow-hidden\" data-accordion=\"accordion-accordions_1-8\">\n<div data-accordion-size=\"accordion-accordions_1-8\" class=\"accordion-text-in pb-8\">\n<div class=\"accordion-text-grid max-w-none\">\n<p>If any provision of these Terms is held to be invalid by a court of competent jurisdiction, including, but not limited to, the provisions relating to the aforementioned exclusions and limitations of liability, the invalid or unenforceable provision shall be deemed replaced by a valid provision that reflects the intent of the original provision, and the remaining provisions of the Terms shall remain in full force and effect.<\/p>\n<p>You may not assign your rights and obligations under this agreement to another party without our prior written consent.<\/p>\n<p>The User expressly acknowledges that the Site shall be deemed to be based in Montreal, in the province of Quebec, Canada. These Terms are governed by and construed in accordance with the laws of the Province of Quebec and the applicable federal laws of Canada, and unless otherwise required by public policy under applicable law, any legal action brought under these Terms shall be subject to the exclusive jurisdiction of the courts of the judicial district of Montreal. <\/p>\n<p>These Terms (and any other provisions mentioned above) constitute the entire agreement between us regarding your access to and use of the Site and supersede all prior or current communications and proposals, whether electronic, oral, or written. A printed version of these Terms and any information provided in electronic form is admissible as evidence to the same extent and under the same conditions as other forms of evidence. <\/p>\n<p>The parties (the User and Visavie) acknowledge that they have agreed that these Terms and Conditions and all related documents be drafted in French. <\/p>\n<\/div>\n<\/div>\n<\/div>\n<\/div>\n<\/div>\n<\/div>\n<\/div><\/div>\n\n<div class=\"et_pb_accordion_item_10 et_pb_accordion_item et_pb_toggle et_pb_module et_pb_toggle_close et_flex_module\"><h5 class=\"et_pb_toggle_title\">How to Contact Us<\/h5><div class=\"et_pb_toggle_content et_flex_module\"><div id=\"accordion-accordions_1-6\" class=\"accordion-text relative h-0 overflow-hidden\" data-accordion=\"accordion-accordions_1-6\">\n<div data-accordion-size=\"accordion-accordions_1-6\" class=\"accordion-text-in pb-8\">\n<div class=\"accordion-text-grid max-w-none\">\n<div id=\"accordion-accordions_1-8\" class=\"accordion-text relative h-0 overflow-hidden\" data-accordion=\"accordion-accordions_1-8\">\n<div data-accordion-size=\"accordion-accordions_1-8\" class=\"accordion-text-in pb-8\">\n<div class=\"accordion-text-grid max-w-none\">\n<ul>\n<li>Email: Visavie<\/li>\n<li>Attn: Laurent Sirois, 1474 Fleury Street East, Suite 100, Montreal, Quebec, H2C1S1<\/li>\n<li><strong>Email:<\/strong> Laurents@visavie.com<\/li>\n<li><strong>Fax :<\/strong> 514-383-5747<\/li>\n<\/ul>\n<\/div>\n<\/div>\n<\/div>\n<\/div>\n<\/div>\n<\/div>\n<\/div><\/div>\n<\/div>\n<\/div>\n<\/div>\n<\/div>","protected":false},"excerpt":{"rendered":"","protected":false},"author":10,"featured_media":0,"parent":0,"menu_order":0,"comment_status":"closed","ping_status":"closed","template":"","meta":{"_acf_changed":false,"footnotes":""},"folder":[920],"class_list":["post-247421","page","type-page","status-publish","hentry"],"acf":[],"_links":{"self":[{"href":"https:\/\/visavie.com\/en\/wp-json\/wp\/v2\/pages\/247421","targetHints":{"allow":["GET"]}}],"collection":[{"href":"https:\/\/visavie.com\/en\/wp-json\/wp\/v2\/pages"}],"about":[{"href":"https:\/\/visavie.com\/en\/wp-json\/wp\/v2\/types\/page"}],"author":[{"embeddable":true,"href":"https:\/\/visavie.com\/en\/wp-json\/wp\/v2\/users\/10"}],"replies":[{"embeddable":true,"href":"https:\/\/visavie.com\/en\/wp-json\/wp\/v2\/comments?post=247421"}],"version-history":[{"count":0,"href":"https:\/\/visavie.com\/en\/wp-json\/wp\/v2\/pages\/247421\/revisions"}],"wp:attachment":[{"href":"https:\/\/visavie.com\/en\/wp-json\/wp\/v2\/media?parent=247421"}],"wp:term":[{"taxonomy":"folder","embeddable":true,"href":"https:\/\/visavie.com\/en\/wp-json\/wp\/v2\/folder?post=247421"}],"curies":[{"name":"wp","href":"https:\/\/api.w.org\/{rel}","templated":true}]}}