{"id":246990,"date":"2026-01-26T16:11:37","date_gmt":"2026-01-26T21:11:37","guid":{"rendered":"https:\/\/staging.visavie.com\/?page_id=246990"},"modified":"2026-03-19T13:46:08","modified_gmt":"2026-03-19T17:46:08","slug":"jaidemesparents-ca","status":"publish","type":"page","link":"https:\/\/visavie.com\/en\/jaidemesparents-ca","title":{"rendered":"jaidemesparents.ca"},"content":{"rendered":"<div class=\"et_pb_section_0 et_pb_section et_section_regular et_flex_section\">\n<div class=\"et_pb_row_0 et_pb_row et_flex_row\">\n<div class=\"et_pb_column_0 et_pb_column et-last-child et_flex_column et_pb_css_mix_blend_mode_passthrough et_flex_column_24_24 et_flex_column_24_24_tablet et_flex_column_24_24_phone\">\n<div class=\"et_pb_image_0 et_pb_image et_pb_module et_flex_module\"><span class=\"et_pb_image_wrap\"><img loading=\"lazy\" decoding=\"async\" src=\"https:\/\/visavie.com\/wp-content\/uploads\/2026\/01\/logo-Amika-Visavie.webp\" title=\"logo Amika Visavie\" width=\"1164\" height=\"214\" srcset=\"https:\/\/visavie.com\/wp-content\/uploads\/2026\/01\/logo-Amika-Visavie.webp 1164w, https:\/\/visavie.com\/wp-content\/uploads\/2026\/01\/logo-Amika-Visavie-980x180.webp 980w, https:\/\/visavie.com\/wp-content\/uploads\/2026\/01\/logo-Amika-Visavie-480x88.webp 480w\" sizes=\"(min-width: 0px) and (max-width: 480px) 480px, (min-width: 481px) and (max-width: 980px) 980px, (min-width: 981px) 1164px, 100vw\" class=\"wp-image-247000\" \/><\/span><\/div>\n\n<div class=\"et_pb_heading_0 et_pb_heading et_pb_module et_flex_module\"><div class=\"et_pb_heading_container\"><h1 class=\"et_pb_module_header\">Deux services compl\u00e9mentaires pour le bien-\u00eatre des personnes \u00e2g\u00e9es et de leurs familles.<\/h1><\/div><\/div>\n\n<div class=\"et_pb_text_0 et_pb_text et_pb_bg_layout_light et_pb_module et_flex_module\"><div class=\"et_pb_text_inner\"><p data-start=\"188\" data-end=\"292\" style=\"text-align: center;\">Ne cherchez plus \u2014 un seul point de contact pour acc\u00e9der \u00e0 toutes les solutions adapt\u00e9es au bien-\u00eatre de votre proche.<\/p>\n<\/div><\/div>\n<\/div>\n<\/div>\n\n<div class=\"et_pb_row_1 et_pb_row et_flex_row\">\n<div class=\"et_pb_column_1 et_pb_column et_flex_column et_pb_css_mix_blend_mode_passthrough et_flex_column_12_24 et_flex_column_12_24_tablet et_flex_column_24_24_phone\">\n<div class=\"et_pb_module et_pb_button_module_wrapper et_pb_button_0_wrapper\"><a class=\"et_pb_button_0 et_pb_button et_pb_bg_layout_light et_pb_module et_flex_module\" href=\"https:\/\/www.soinsamika.com\/\" data-icon=\"E\" target=\"_blank\" rel=\"noopener\">Aide \u00e0 domicile<\/a><\/div>\n<\/div>\n\n<div class=\"et_pb_column_2 et_pb_column et-last-child et_flex_column et_pb_css_mix_blend_mode_passthrough et_flex_column_12_24 et_flex_column_12_24_tablet et_flex_column_24_24_phone\">\n<div class=\"et_pb_module et_pb_button_module_wrapper et_pb_button_1_wrapper\"><a class=\"et_pb_button_1 et_pb_button et_pb_bg_layout_light et_pb_module et_flex_module\" href=\"\/territoire\/quebec\" data-icon=\"E\">Trouver une RPA<\/a><\/div>\n<\/div>\n<\/div>\n<\/div>\n\n<div class=\"et_pb_section_1 et_pb_section et_section_regular et_flex_section\">\n<div class=\"et_pb_row_2 et_pb_row et_flex_row\">\n<div class=\"et_pb_column_3 et_pb_column et_flex_column et_pb_css_mix_blend_mode_passthrough et_flex_column_12_24 et_flex_column_12_24_tablet et_flex_column_24_24_phone\">\n<div class=\"et_pb_image_1 et_pb_image et_pb_module et_flex_module\"><span class=\"et_pb_image_wrap\"><img loading=\"lazy\" decoding=\"async\" src=\"https:\/\/visavie.com\/wp-content\/uploads\/2026\/03\/Photo-de-service-Amika-Mai-2025.webp\" title=\"Photo-de-service-Amika-Mai-2025\" width=\"1104\" height=\"620\" srcset=\"https:\/\/visavie.com\/wp-content\/uploads\/2026\/03\/Photo-de-service-Amika-Mai-2025.webp 1104w, https:\/\/visavie.com\/wp-content\/uploads\/2026\/03\/Photo-de-service-Amika-Mai-2025-980x550.webp 980w, https:\/\/visavie.com\/wp-content\/uploads\/2026\/03\/Photo-de-service-Amika-Mai-2025-480x270.webp 480w\" sizes=\"(min-width: 0px) and (max-width: 480px) 480px, (min-width: 481px) and (max-width: 980px) 980px, (min-width: 981px) 1104px, 100vw\" class=\"wp-image-249791\" \/><\/span><\/div>\n<\/div>\n\n<div class=\"et_pb_column_4 et_pb_column et-last-child et_flex_column et_pb_css_mix_blend_mode_passthrough et_flex_column_12_24 et_flex_column_12_24_tablet et_flex_column_24_24_phone\">\n<div class=\"et_pb_heading_1 et_pb_heading et_pb_module et_flex_module\"><div class=\"et_pb_heading_container\"><h2 class=\"et_pb_module_header\">Services d'aide et de soins \u00e0 domicile pour les personnes \u00e2g\u00e9es<\/h2><\/div><\/div>\n\n<div class=\"et_pb_text_1 et_pb_text et_pb_bg_layout_light et_pb_module et_flex_module\"><div class=\"et_pb_text_inner\"><p><span style=\"color: #ffffff;\">Nous sommes disponibles 24\/7 pour offrir l'assistance dont vous avez besoin.<\/span><\/p>\n<\/div><\/div>\n\n<div class=\"et_pb_module et_pb_button_module_wrapper et_pb_button_2_wrapper\"><a class=\"et_pb_button_2 et_pb_button et_pb_bg_layout_light et_pb_module et_flex_module\" href=\"https:\/\/www.soinsamika.com\/pages\/nous-joindre\" data-icon=\"E\" target=\"_blank\" rel=\"noopener\">Planifier votre premi\u00e8re rencontre aujourd&#039;hui<\/a><\/div>\n<\/div>\n<\/div>\n<\/div>\n\n<div class=\"et_pb_section_2 et_pb_section et_section_regular et_flex_section\">\n<div class=\"et_pb_row_3 et_pb_row et_flex_row\">\n<div class=\"et_pb_column_5 et_pb_column et_flex_column et_pb_css_mix_blend_mode_passthrough et_flex_column_12_24 et_flex_column_12_24_tablet et_flex_column_24_24_phone\">\n<div class=\"et_pb_heading_2 et_pb_heading et_pb_module et_flex_module\"><div class=\"et_pb_heading_container\"><h2 class=\"et_pb_module_header\">Service d'accompagnement pour trouver une r\u00e9sidence priv\u00e9e pour a\u00een\u00e9s au Qu\u00e9bec.<\/h2><\/div><\/div>\n\n<div class=\"et_pb_text_2 et_pb_text et_pb_bg_layout_light et_pb_module et_flex_module\"><div class=\"et_pb_text_inner\"><p><span style=\"color: #ffffff;\">Nous sommes disponibles 7 jours sur 7 pour vous accompagner dans cette transition.<\/span><\/p>\n<p><span style=\"color: #ffffff;\">Notre service est 100% sans frais et sans engagement.<\/span><\/p>\n<\/div><\/div>\n\n<div class=\"et_pb_module et_pb_button_module_wrapper et_pb_button_3_wrapper\"><a class=\"et_pb_button_3 et_pb_button et_pb_bg_layout_light et_pb_module et_flex_module\" href=\"\/contactez-nous\" data-icon=\"E\">Parlez avec une conseill\u00e8re dans votre r\u00e9gion<\/a><\/div>\n<\/div>\n\n<div class=\"et_pb_column_6 et_pb_column et-last-child et_flex_column et_pb_css_mix_blend_mode_passthrough et_flex_column_12_24 et_flex_column_12_24_tablet et_flex_column_24_24_phone\">\n<div class=\"et_pb_image_2 et_pb_image et_pb_module et_flex_module\"><span class=\"et_pb_image_wrap\"><img loading=\"lazy\" decoding=\"async\" src=\"https:\/\/visavie.com\/wp-content\/uploads\/2026\/03\/Photo-de-service-pour-Visavie.webp\" title=\"Photo de service pour Visavie\" width=\"1486\" height=\"991\" srcset=\"https:\/\/visavie.com\/wp-content\/uploads\/2026\/03\/Photo-de-service-pour-Visavie.webp 1486w, https:\/\/visavie.com\/wp-content\/uploads\/2026\/03\/Photo-de-service-pour-Visavie-1280x854.webp 1280w, https:\/\/visavie.com\/wp-content\/uploads\/2026\/03\/Photo-de-service-pour-Visavie-980x654.webp 980w, https:\/\/visavie.com\/wp-content\/uploads\/2026\/03\/Photo-de-service-pour-Visavie-480x320.webp 480w\" sizes=\"(min-width: 0px) and (max-width: 480px) 480px, (min-width: 481px) and (max-width: 980px) 980px, (min-width: 981px) and (max-width: 1280px) 1280px, (min-width: 1281px) 1486px, 100vw\" class=\"wp-image-249792\" \/><\/span><\/div>\n<\/div>\n<\/div>\n<\/div>\n\n<div class=\"et_pb_section_3 et_pb_section et_section_regular et_flex_section\">\n<div class=\"et_pb_row_4 et_pb_row et_flex_row\">\n<div class=\"et_pb_column_7 et_pb_column et-last-child et_flex_column et_pb_css_mix_blend_mode_passthrough et_flex_column_24_24 et_flex_column_24_24_tablet et_flex_column_24_24_phone\">\n<div class=\"et_pb_heading_3 et_pb_heading et_pb_module et_flex_module\"><div class=\"et_pb_heading_container\"><h2 class=\"et_pb_module_header\">Pour toutes urgences, appelez-nous directement au :<\/h2><\/div><\/div>\n\n<div class=\"et_pb_text_3 et_pb_text et_pb_bg_layout_light et_pb_module et_flex_module\"><div class=\"et_pb_text_inner\"><p><a href=\"tel:1.888.847.2843\"> 1.888.847.2843<\/a><\/p>\n<\/div><\/div>\n<\/div>\n<\/div>\n<\/div>","protected":false},"excerpt":{"rendered":"","protected":false},"author":10,"featured_media":0,"parent":0,"menu_order":0,"comment_status":"closed","ping_status":"closed","template":"","meta":{"_acf_changed":false,"footnotes":""},"folder":[909],"class_list":["post-246990","page","type-page","status-publish","hentry"],"acf":[],"_links":{"self":[{"href":"https:\/\/visavie.com\/en\/wp-json\/wp\/v2\/pages\/246990","targetHints":{"allow":["GET"]}}],"collection":[{"href":"https:\/\/visavie.com\/en\/wp-json\/wp\/v2\/pages"}],"about":[{"href":"https:\/\/visavie.com\/en\/wp-json\/wp\/v2\/types\/page"}],"author":[{"embeddable":true,"href":"https:\/\/visavie.com\/en\/wp-json\/wp\/v2\/users\/10"}],"replies":[{"embeddable":true,"href":"https:\/\/visavie.com\/en\/wp-json\/wp\/v2\/comments?post=246990"}],"version-history":[{"count":0,"href":"https:\/\/visavie.com\/en\/wp-json\/wp\/v2\/pages\/246990\/revisions"}],"wp:attachment":[{"href":"https:\/\/visavie.com\/en\/wp-json\/wp\/v2\/media?parent=246990"}],"wp:term":[{"taxonomy":"folder","embeddable":true,"href":"https:\/\/visavie.com\/en\/wp-json\/wp\/v2\/folder?post=246990"}],"curies":[{"name":"wp","href":"https:\/\/api.w.org\/{rel}","templated":true}]}}